{"id":761,"date":"2010-10-23T18:09:50","date_gmt":"2010-10-23T17:09:50","guid":{"rendered":"http:\/\/www.cgt-tf1.fr\/?page_id=761"},"modified":"2019-05-21T12:14:10","modified_gmt":"2019-05-21T10:14:10","slug":"harcelement-moral","status":"publish","type":"page","link":"http:\/\/www.cgt-tf1.fr\/?page_id=761","title":{"rendered":"Harc\u00e8lement Moral"},"content":{"rendered":"<p><strong><span style=\"font-family: Arial,sans-serif;\"><span style=\"font-size: medium;\">PETIT GUIDE PRATIQUE POUR FAIRE FACE<\/span><\/span><\/strong><\/p>\n<p><strong><span style=\"font-family: Arial,sans-serif;\"><span style=\"font-size: medium;\">ET SORTIR D&rsquo;UNE SITUATION DE HARCELEMENT MORAL <\/span><\/span><\/strong><\/p>\n<p><strong><span style=\"font-family: Arial,sans-serif;\"><span style=\"font-size: medium;\"><br \/>\n<\/span><\/span><\/strong><\/p>\n<p><span style=\"font-family: Arial,sans-serif;\">La question du harc\u00e8lement moral est loin d&rsquo;\u00eatre simple \u00e0 r\u00e9gler m\u00eame si le Code du Travail l&rsquo;interdit en punissant ses auteurs d&rsquo;un an de prison (Art. L. 1155-2). Dans les fait, les condamnations sont rares mais cela ne veut pas dire qu&rsquo;il ne faut rien faire et parfois les choses peuvent se r\u00e9gler avant cette extr\u00e9mit\u00e9.<br \/>\nUn syndicat repr\u00e9sentatif peut exercer en justice contre une entreprise sur des faits de harc\u00e8lement (Art. L. 1154-2) mais pour ce faire, on comprendra ais\u00e9ment que les salari\u00e9s concern\u00e9s doivent nous contacter directement afin de constituer un dossier p\u00e9nal. Il ne suffit pas h\u00e9las \u00e0 un syndicat de se pr\u00e9senter devant un juge en disant Monsieur X ou Madame Y est harcel\u00e9 pour gagner un proc\u00e8s&#8230;<br \/>\nLa simple constitution d&rsquo;un dossier peut permettre de mettre fin \u00e0 une situation de harc\u00e8lement avant m\u00eame toute d\u00e9marche juridique.<br \/>\nMais <\/span><span style=\"font-family: Arial,sans-serif;\"><span style=\"text-decoration: underline;\">cette \u00e9tape est indispensable<\/span><\/span><span style=\"font-family: Arial,sans-serif;\">.<\/span><\/p>\n<p>Le principe de harc\u00e8lement moral est caract\u00e9ris\u00e9 par l&rsquo;article L.1152-1 du Code du Travail:<br \/>\n<span style=\"font-family: Arial,sans-serif;\"><em>\u00ab\u00a0Aucun salari\u00e9 ne doit subir les agissements r\u00e9p\u00e9t\u00e9s de harc\u00e8lement moral qui ont pour objet ou pour effet une d\u00e9gradation de ses conditions de travail susceptible de porter atteinte \u00e0 ses droits et \u00e0 sa dignit\u00e9, d&rsquo;alt\u00e9rer sa sant\u00e9 physique ou mentale ou de compromettre son avenir professionnel.\u00a0\u00bb<\/em><\/span><span style=\"font-family: Arial,sans-serif;\"><br \/>\nCe qui veut dire que les agissements vexatoires ou de d\u00e9stabilisation doivent \u00eatre r\u00e9p\u00e9t\u00e9s dans le temps pour caract\u00e9riser un harc\u00e8lement moral.<\/span><\/p>\n<p><span style=\"font-family: Arial,sans-serif;\"><br \/>\n<\/span><\/p>\n<p><span style=\"font-family: Arial,sans-serif;\"><span style=\"font-size: medium;\"><strong>Comment faire face:<\/strong><\/span><\/span><\/p>\n<p><span style=\"font-family: Arial,sans-serif;\"><br \/>\n<\/span><span style=\"font-family: Arial,sans-serif;\"><strong>1. Le Journal:<\/strong><\/span><\/p>\n<p><span style=\"font-family: Arial,sans-serif;\">La premi\u00e8re chose \u00e0 faire est de <\/span><span style=\"font-family: Arial,sans-serif;\"><span style=\"text-decoration: underline;\">consigner par \u00e9crit<\/span><\/span><span style=\"font-family: Arial,sans-serif;\"> toutes les petites remarques d\u00e9sobligeantes, les courriels vexatoires, les ordres contradictoires, les mises en difficult\u00e9, les altercations publiques ou non&#8230; dans un \u00ab\u00a0journal\u00a0\u00bb&nbsp; qui sera tr\u00e8s utile par la suite.<br \/>\nLe simple fait d&rsquo;\u00e9crire tout \u00e7a permettra au salari\u00e9 harcel\u00e9 de prendre un certain recul par rapport \u00e0 ce qu&rsquo;il subit et de se rassurer par rapport \u00e0 son mal-\u00eatre au travail (il en viendra peut-\u00eatre m\u00eame \u00e0 attendre impatiemment la prochaine action vexatoire pour mieux rajouter une ligne dans son carnet&#8230;).<br \/>\nLa r\u00e9daction de ce \u00ab\u00a0journal\u00a0\u00bb doit \u00eatre faite comme on \u00e9crirait un journal intime dans le style qui convient le mieux \u00e0 la personne concern\u00e9e, juste pour se rappeler quoi, qui, quand, comment&#8230;<br \/>\nUn salari\u00e9 en situation de harc\u00e8lement moral a forc\u00e9ment les id\u00e9es confuses et c&rsquo;est normal au vu de la situation de stress intense \u00e0 laquelle il est soumis. Ce journal aidera \u00e0 faire le tri plus tard. C&rsquo;est aussi une fa\u00e7on de prendre un certain recul par rapport aux \u00e9v\u00e8nements. Le salari\u00e9 harcel\u00e9 ne doit pas h\u00e9siter \u00e0 faire lire son journal \u00e0 d&rsquo;autre personnes de confiance (proches, syndicalistes, avocats, Inspecteurs du Travail&#8230;) pour le rassurer sur son \u00e9tat parce qu&rsquo;<\/span><span style=\"font-family: Arial,sans-serif;\"><span style=\"text-decoration: underline;\">il est d\u00e9j\u00e0 tr\u00e8s difficile \u00e0 la personne harcel\u00e9 d&rsquo;en \u00eatre convaincue elle-m\u00eame<\/span><\/span><span style=\"font-family: Arial,sans-serif;\">.<br \/>\nAttention, <\/span><span style=\"font-family: Arial,sans-serif;\"><span style=\"text-decoration: underline;\">un harceleur n&rsquo;agit pas forc\u00e9ment seul<\/span><\/span><span style=\"font-family: Arial,sans-serif;\"> ce qui peut apparaitre \u00e9vident lors de la r\u00e9daction du journal, d&rsquo;o\u00f9 son importance !<br \/>\n<\/span><\/p>\n<p><span style=\"font-family: Arial,sans-serif;\"><br \/>\n<\/span><span style=\"font-family: Arial,sans-serif;\"><strong>2. L&rsquo;entretien:<\/strong><\/span><\/p>\n<p><span style=\"font-family: Arial,sans-serif;\">L<\/span><span style=\"font-family: Arial,sans-serif;\">a seconde chose \u00e0 faire est d&rsquo;informer <\/span><span style=\"font-family: Arial,sans-serif;\"><span style=\"text-decoration: underline;\">oralement<\/span><\/span><span style=\"font-family: Arial,sans-serif;\"> un responsable hi\u00e9rarchique (Directeur ou Directeur Adjoint, RH ou non) du fait que l&rsquo;on s&rsquo;estime victime de harc\u00e8lement moral sans forc\u00e9ment entrer dans les d\u00e9tails ou donner de noms.<br \/>\nCet \u00e9v\u00e8nement devra \u00e9videmment \u00eatre consign\u00e9 dans le \u00ab\u00a0journal\u00a0\u00bb avec un maximum de d\u00e9tails.<br \/>\n<\/span><span style=\"font-family: Arial,sans-serif;\"><em><br \/>\nA partir de l\u00e0, le harc\u00e8lement peut s&rsquo;arr\u00eater mais \u00e7a n&rsquo;est pas s\u00fbr&#8230;<br \/>\n<\/em><\/span><\/p>\n<p><span style=\"font-family: Arial,sans-serif;\"><em><br \/>\n<\/em><\/span><span style=\"font-family: Arial,sans-serif;\"><strong>3. La lettre:<\/strong><\/span><\/p>\n<p><span style=\"font-family: Arial,sans-serif;\">Envoyer un courrier RAR \u00e0 l&rsquo;attention du PDG pour l&rsquo;informer de mani\u00e8re officielle de la situation de harc\u00e8lement moral. Dans cette lettre, il faut mentionner <\/span><span style=\"font-family: Arial,sans-serif;\"><span style=\"text-decoration: underline;\">de mani\u00e8re factuelle et pr\u00e9cise<\/span><\/span><span style=\"font-family: Arial,sans-serif;\"> les diff\u00e9rents \u00e9l\u00e9ments significatifs s\u00e9lectionn\u00e9s dans le journal (Quand, Qui, Quoi) et conclure par une formule du genre : <\/span><span style=\"font-family: Arial,sans-serif;\"><em>\u00a0\u00bb Tous ces \u00e9v\u00e8nements nuisent \u00e0 ma sant\u00e9 et \u00e0 l&rsquo;exercice normal de mon travail\u00a0\u00bb.<\/em><\/span><span style=\"font-family: Arial,sans-serif;\"><br \/>\nCette lettre doit \u00eatre envoy\u00e9e en copie \u00e0 l&rsquo;Inspection du Travail, \u00e0 la M\u00e9decine du Travail,  aux Syndicats, au Pr\u00e9sident et au Secr\u00e9taire du CHSCT.<\/span><\/p>\n<p><span style=\"font-family: Arial,sans-serif;\"><em>A partir de l\u00e0, le harc\u00e8lement peut s&rsquo;arr\u00eater mais \u00e7a n&rsquo;est pas s\u00fbr&#8230;<\/em><\/span><span style=\"font-family: Arial,sans-serif;\"> <\/span><\/p>\n<p>En tout cas, le fait d&rsquo;envoyer les copies donne une dimension collective aux probl\u00e8mes du salari\u00e9 et pose les bases d&rsquo;une \u00e9ventuelle option juridique s\u00e9rieuse.<\/p>\n<p><span style=\"font-family: Arial,sans-serif;\"><br \/>\n<\/span><span style=\"font-family: Arial,sans-serif;\"><strong>4. La proc\u00e9dure juridique (prud\u2019homale ou p\u00e9nale):<\/strong><\/span><\/p>\n<p><span style=\"font-family: Arial,sans-serif;\">Si rien ne bouge positivement, il faut prendre rendez-vous avec un avocat <\/span><span style=\"font-family: Arial,sans-serif;\"><span style=\"text-decoration: underline;\">sp\u00e9cialis\u00e9 en droit du travail<\/span><\/span><span style=\"font-family: Arial,sans-serif;\"> conseill\u00e9 par un syndicat&nbsp; pour obtenir dommages et int\u00e9r\u00eats et mettre fin \u00e0 la situation de harc\u00e8lement par voie juridique.<br \/>\n<\/span><\/p>\n<p><span style=\"font-family: Arial,sans-serif;\"><br \/>\n<\/span><span style=\"font-family: Arial,sans-serif;\"><strong>PS 1:<\/strong><\/span><span style=\"font-family: Arial,sans-serif;\"> L&rsquo;Article L. 2313-2 du Code du Travail pr\u00e9voit \u00e9galement la possibilit\u00e9 d&rsquo;une enqu\u00eate avec un D\u00e9l\u00e9gu\u00e9 du Personnel mais h\u00e9las, ce genre de proc\u00e9dure ne peut avoir de r\u00e9sultat constructif qu&rsquo;avec une Direction bienveillante et de bonne foi, ce qui est malheureusement loin d&rsquo;\u00eatre le cas le plus souvent observ\u00e9. Notamment en cas de \u00ab&nbsp;harc\u00e8lement moral de gestion&nbsp;\u00bb.<\/span><\/p>\n<p><span style=\"font-family: Arial,sans-serif;\"><br \/>\n<\/span><span style=\"font-family: Arial,sans-serif;\"><strong>PS 2: <\/strong><\/span><span style=\"font-family: Arial,sans-serif;\">En cas d&rsquo;arr\u00eat de travail cons\u00e9cutif au harc\u00e8lement moral, Il n&rsquo;est pas inutile que le m\u00e9decin traitant mentionne \u00ab\u00a0Stress post-traumatique\u00a0\u00bb ou \u00ab\u00a0syndrome d\u00e9pressif r\u00e9actionnel\u00a0\u00bb dans sa prescription d&rsquo;arr\u00eat ce qui peut \u00e9ventuellement permettre de faire requalifier l&rsquo;arr\u00eat maladie en AT (Accident du Travail).<\/span><\/p>\n<p><span style=\"font-family: Arial,sans-serif;\"><br \/>\n<\/span><\/p>\n<p><span style=\"font-family: Arial,sans-serif;\"><strong>PS 3&nbsp;:<\/strong><\/span><span style=\"font-family: Arial,sans-serif;\"> La s\u00e9curit\u00e9 sociale pourra (peut-\u00eatre&#8230;) reconna\u00eetre l&rsquo;accident du travail en cas d&rsquo;arr\u00eat de travail li\u00e9 \u00e0 un \u00e9v\u00e9nement particulier d\u00e9clencheur (exemple&nbsp;: votre chef vous humilie publiquement devant les coll\u00e8gues ou vous apostrophe violemment sur votre lieu de travail ce qui vous conduit directement chez le m\u00e9decin qui constatera un lien tr\u00e8s direct et imm\u00e9diat entre votre \u00e9tat de sant\u00e9 et l&rsquo;\u00e9v\u00e8nement survenu).<\/span><\/p>\n<p><span style=\"font-family: Arial,sans-serif;\"><br \/>\n<\/span><\/p>\n<p><span style=\"font-family: Arial,sans-serif;\"><span style=\"font-size: large;\"><strong>HARCELEMENT MORAL DE GESTION<\/strong><\/span><\/span><\/p>\n<p><span style=\"font-family: Arial,sans-serif;\">Le \u00ab&nbsp;harc\u00e8lement moral de gestion&nbsp;\u00bb peut avoir \u00e9t\u00e9 mis en place par une DRH dans une strat\u00e9gie de restructuration g\u00e9n\u00e9rale au sein d&rsquo;une entreprise ou d&rsquo;un groupe d&rsquo;entreprises  dans le but d&rsquo;assoir un management autoritaire tout en poussant les plus faibles et les moins dociles \u00e0 partir d&rsquo;eux m\u00eames et ainsi \u00e9viter la mise en place obligatoire d&rsquo;un plan social trop couteux. Cette m\u00e9thode de gestion du personnel peut para\u00eetre hasardeuse et dangereuse car g\u00e9n\u00e9ratrice de stress collectif conduisant in\u00e9vitablement \u00e0 une baisse de motivation et donc de productivit\u00e9 de la majorit\u00e9 des salari\u00e9s.<\/span><\/p>\n<p><span style=\"font-family: Arial,sans-serif;\">Pire pour l&rsquo;entreprise, son image peut en \u00eatre affect\u00e9e.<\/span><\/p>\n<p><span style=\"font-family: Arial,sans-serif;\">C&rsquo;est pourtant exactement ce qui s&rsquo;est pass\u00e9 \u00e0 France T\u00e9l\u00e9com et semble inspirer trop de grands groupes en ces temps de \u00ab&nbsp;crise \u00e9conomique&nbsp;\u00bb.<\/span><\/p>\n<p><span style=\"font-family: Arial,sans-serif;\">Souvent, la mise en place par une Direction d&rsquo;un \u00ab&nbsp;observatoire du stress&nbsp;\u00bb ou la conclusion d&rsquo;un accord sur le \u00ab&nbsp;mieux travailler ensemble&nbsp;\u00bb, la cr\u00e9ation d&rsquo;une cellule d&rsquo;\u00e9coute ou de soutien psychologique, la recherche d&rsquo;obtention de labels bidons du type \u00ab&nbsp;Label Diversit\u00e9&nbsp;\u00bb (AFNOR) ou figurer dans le \u00ab&nbsp;palmar\u00e8s\u2029 des\u2029 entreprises\u2029 o\u00f9 il\u2029 fait\u2029 bon\u2029 travailler&nbsp;\u00bb  (Institut \u2029Great\u2029 Place \u2029to \u2029Work\u00ae) sont r\u00e9alis\u00e9s en amont et en pr\u00e9vision d&rsquo;un \u00ab&nbsp;harc\u00e8lement moral de gestion&nbsp;\u00bb et devrait mettre la puce \u00e0 l&rsquo;oreille des syndicats d&rsquo;entreprises sur le carnage \u00e0 venir&#8230;<\/span><\/p>\n<p><span style=\"font-family: Arial,sans-serif;\">Ces outils sont le plus souvent mis en place afin de pouvoir mesurer la pression \u00ab&nbsp;acceptable&nbsp;\u00bb avant que tous ne se d\u00e9fenestrent de leurs bureaux tout en tentant de conserver une bonne image de l&rsquo;entreprise. En ce sens, il s&rsquo;agit bien d&rsquo;outils de pr\u00e9vention mais de pr\u00e9vention d&rsquo;image et rien de plus. Ils seront \u00e9galement mis en avant par une direction d&rsquo;entreprise en cas d&rsquo;action juridique de la part d&rsquo;un syndicat ou d&rsquo;un groupe de salari\u00e9s.<\/span><\/p>\n<p><span style=\"font-family: Arial,sans-serif;\">Le pire qui puisse arriver dans une entreprise soit que les instances repr\u00e9sentant le personnel tels que le CE ou le CHSCT soient tenus par des syndicats corrompus ce qui facilite consid\u00e9rablement la mise en place d&rsquo;un \u00ab&nbsp;harc\u00e8lement moral de gestion&nbsp;\u00bb.<\/span><\/p>\n<p><strong><em>Pour plus d&rsquo;information, nous vous invitons \u00e0 consulter le site actuellement le plus s\u00e9rieux sur le sujet:<\/em><\/strong><\/p>\n<p><a href=\"http:\/\/www.souffrance-et-travail.com\/\">http:\/\/www.souffrance-et-travail.com\/<\/a><\/p>\n","protected":false},"excerpt":{"rendered":"<p>PETIT GUIDE PRATIQUE POUR FAIRE FACE ET SORTIR D&rsquo;UNE SITUATION DE HARCELEMENT MORAL La question du harc\u00e8lement moral est loin d&rsquo;\u00eatre simple \u00e0 r\u00e9gler m\u00eame si le Code du Travail l&rsquo;interdit en punissant ses auteurs d&rsquo;un an de prison (Art. &hellip; <a href=\"http:\/\/www.cgt-tf1.fr\/?page_id=761\">Continuer la lecture <span class=\"meta-nav\">&rarr;<\/span><\/a><\/p>\n","protected":false},"author":1,"featured_media":0,"parent":646,"menu_order":2,"comment_status":"closed","ping_status":"open","template":"","meta":{"footnotes":""},"class_list":["post-761","page","type-page","status-publish","hentry"],"_links":{"self":[{"href":"http:\/\/www.cgt-tf1.fr\/index.php?rest_route=\/wp\/v2\/pages\/761","targetHints":{"allow":["GET"]}}],"collection":[{"href":"http:\/\/www.cgt-tf1.fr\/index.php?rest_route=\/wp\/v2\/pages"}],"about":[{"href":"http:\/\/www.cgt-tf1.fr\/index.php?rest_route=\/wp\/v2\/types\/page"}],"author":[{"embeddable":true,"href":"http:\/\/www.cgt-tf1.fr\/index.php?rest_route=\/wp\/v2\/users\/1"}],"replies":[{"embeddable":true,"href":"http:\/\/www.cgt-tf1.fr\/index.php?rest_route=%2Fwp%2Fv2%2Fcomments&post=761"}],"version-history":[{"count":10,"href":"http:\/\/www.cgt-tf1.fr\/index.php?rest_route=\/wp\/v2\/pages\/761\/revisions"}],"predecessor-version":[{"id":1714,"href":"http:\/\/www.cgt-tf1.fr\/index.php?rest_route=\/wp\/v2\/pages\/761\/revisions\/1714"}],"up":[{"embeddable":true,"href":"http:\/\/www.cgt-tf1.fr\/index.php?rest_route=\/wp\/v2\/pages\/646"}],"wp:attachment":[{"href":"http:\/\/www.cgt-tf1.fr\/index.php?rest_route=%2Fwp%2Fv2%2Fmedia&parent=761"}],"curies":[{"name":"wp","href":"https:\/\/api.w.org\/{rel}","templated":true}]}}