{"id":63,"date":"2008-12-20T08:30:23","date_gmt":"2008-12-20T07:30:23","guid":{"rendered":"http:\/\/localhost:8888\/wordpress\/?page_id=109"},"modified":"2019-06-20T13:47:25","modified_gmt":"2019-06-20T11:47:25","slug":"alors-pourquoi-se-syndiquer","status":"publish","type":"page","link":"http:\/\/www.cgt-tf1.fr\/?page_id=63","title":{"rendered":"Pourquoi choisir la CGT TF1?"},"content":{"rendered":"<p>Pour \u00eatre inform\u00e9 de mani\u00e8re objective et rapide de ce qui se passe dans son entreprise au niveau \u00e9conomique et social (comptes rendus DP, CE, Prestations Sant\u00e9, Formation, Comptes de l&rsquo;entreprise&#8230;)<\/p>\n<p>Pour encourager la CGT TF1 dans son action et contribuer \u00e0 am\u00e9liorer les conditions de travail et plus largement les conditions de vie de chacun, augmenter les r\u00e9mun\u00e9rations de tous ceux qui contribuent \u00e0 la richesse de l&rsquo;entreprise par leur travail, faire en sorte que chacun puisse vivre dignement de son activit\u00e9 salari\u00e9e&#8230;<\/p>\n<p>Pour participer aux choix et aux orientations du syndicat et exprimer librement et sereinement son point de vue de salari\u00e9.<\/p>\n<p>Pour \u00eatre au courant de ses droits professionnels. Tout syndiqu\u00e9 CGT TF1 b\u00e9n\u00e9ficie d&rsquo;une assistance juridique de qualit\u00e9 (Conseillers juridiques CGT confirm\u00e9s, Avocats ind\u00e9pendants sp\u00e9cialis\u00e9s en droit du travail&#8230;).<\/p>\n<p>Pour \u00eatre respect\u00e9 dans son milieu professionnel.<\/p>\n<p>Pour aller plus loin et s&rsquo;informer sur ses droits nous vous invitons \u00e0 t\u00e9l\u00e9charger cette publication bien d\u00e9taill\u00e9e :<\/p>\n<p><a href=\"http:\/\/www.cgt-tf1.fr\/wp-content\/uploads\/2008\/12\/3_Guide_Salaries-3.pdf\">3_Guide_Salaries-3<\/a><\/p>\n<p><!--EndFragment--><\/p>\n","protected":false},"excerpt":{"rendered":"<p>Pour \u00eatre inform\u00e9 de mani\u00e8re objective et rapide de ce qui se passe dans son entreprise au niveau \u00e9conomique et social (comptes rendus DP, CE, Prestations Sant\u00e9, Formation, Comptes de l&rsquo;entreprise&#8230;) Pour encourager la CGT TF1 dans son action et &hellip; <a href=\"http:\/\/www.cgt-tf1.fr\/?page_id=63\">Continuer la lecture <span class=\"meta-nav\">&rarr;<\/span><\/a><\/p>\n","protected":false},"author":1,"featured_media":0,"parent":17,"menu_order":5,"comment_status":"closed","ping_status":"closed","template":"","meta":{"footnotes":""},"class_list":["post-63","page","type-page","status-publish","hentry"],"_links":{"self":[{"href":"http:\/\/www.cgt-tf1.fr\/index.php?rest_route=\/wp\/v2\/pages\/63","targetHints":{"allow":["GET"]}}],"collection":[{"href":"http:\/\/www.cgt-tf1.fr\/index.php?rest_route=\/wp\/v2\/pages"}],"about":[{"href":"http:\/\/www.cgt-tf1.fr\/index.php?rest_route=\/wp\/v2\/types\/page"}],"author":[{"embeddable":true,"href":"http:\/\/www.cgt-tf1.fr\/index.php?rest_route=\/wp\/v2\/users\/1"}],"replies":[{"embeddable":true,"href":"http:\/\/www.cgt-tf1.fr\/index.php?rest_route=%2Fwp%2Fv2%2Fcomments&post=63"}],"version-history":[{"count":11,"href":"http:\/\/www.cgt-tf1.fr\/index.php?rest_route=\/wp\/v2\/pages\/63\/revisions"}],"predecessor-version":[{"id":1316,"href":"http:\/\/www.cgt-tf1.fr\/index.php?rest_route=\/wp\/v2\/pages\/63\/revisions\/1316"}],"up":[{"embeddable":true,"href":"http:\/\/www.cgt-tf1.fr\/index.php?rest_route=\/wp\/v2\/pages\/17"}],"wp:attachment":[{"href":"http:\/\/www.cgt-tf1.fr\/index.php?rest_route=%2Fwp%2Fv2%2Fmedia&parent=63"}],"curies":[{"name":"wp","href":"https:\/\/api.w.org\/{rel}","templated":true}]}}