{"id":4,"date":"2008-12-08T10:09:06","date_gmt":"2008-12-08T09:09:06","guid":{"rendered":"http:\/\/localhost:8888\/wordpress\/?page_id=2"},"modified":"2010-04-01T21:25:36","modified_gmt":"2010-04-01T20:25:36","slug":"a-propos-2","status":"publish","type":"page","link":"http:\/\/www.cgt-tf1.fr\/?page_id=4","title":{"rendered":"Espace salari\u00e9s"},"content":{"rendered":"<p>Dans cette section vous trouverez les photos de vos \u00e9lus, ainsi que tous les comptes rendus de r\u00e9union des DP et CE.<\/p>\n<p>Cet espace n&rsquo;est accessible que par <strong><span style=\"color: #ff8000;\">mot de passe<\/span><\/strong>.<\/p>\n<p>Ce dernier vous sera bient\u00f4t communiqu\u00e9 sur l&rsquo;<strong><span style=\"color: #ff8000;\"> intranet de TF1.<span style=\"color: #888888;\"><em><span style=\"font-weight: normal;\"><span style=\"color: #333333;\">(espace syndical via declic)<\/span><\/span><\/em><\/span><\/span><\/strong><\/p>\n","protected":false},"excerpt":{"rendered":"<p>Dans cette section vous trouverez les photos de vos \u00e9lus, ainsi que tous les comptes rendus de r\u00e9union des DP et CE. Cet espace n&rsquo;est accessible que par mot de passe. Ce dernier vous sera bient\u00f4t communiqu\u00e9 sur l&rsquo; intranet &hellip; <a href=\"http:\/\/www.cgt-tf1.fr\/?page_id=4\">Continuer la lecture <span class=\"meta-nav\">&rarr;<\/span><\/a><\/p>\n","protected":false},"author":1,"featured_media":0,"parent":0,"menu_order":6,"comment_status":"closed","ping_status":"closed","template":"","meta":{"footnotes":""},"class_list":["post-4","page","type-page","status-publish","hentry"],"_links":{"self":[{"href":"http:\/\/www.cgt-tf1.fr\/index.php?rest_route=\/wp\/v2\/pages\/4","targetHints":{"allow":["GET"]}}],"collection":[{"href":"http:\/\/www.cgt-tf1.fr\/index.php?rest_route=\/wp\/v2\/pages"}],"about":[{"href":"http:\/\/www.cgt-tf1.fr\/index.php?rest_route=\/wp\/v2\/types\/page"}],"author":[{"embeddable":true,"href":"http:\/\/www.cgt-tf1.fr\/index.php?rest_route=\/wp\/v2\/users\/1"}],"replies":[{"embeddable":true,"href":"http:\/\/www.cgt-tf1.fr\/index.php?rest_route=%2Fwp%2Fv2%2Fcomments&post=4"}],"version-history":[{"count":24,"href":"http:\/\/www.cgt-tf1.fr\/index.php?rest_route=\/wp\/v2\/pages\/4\/revisions"}],"predecessor-version":[{"id":645,"href":"http:\/\/www.cgt-tf1.fr\/index.php?rest_route=\/wp\/v2\/pages\/4\/revisions\/645"}],"wp:attachment":[{"href":"http:\/\/www.cgt-tf1.fr\/index.php?rest_route=%2Fwp%2Fv2%2Fmedia&parent=4"}],"curies":[{"name":"wp","href":"https:\/\/api.w.org\/{rel}","templated":true}]}}