{"id":384,"date":"2009-02-06T09:43:22","date_gmt":"2009-02-06T08:43:22","guid":{"rendered":"http:\/\/www.cgt-tf1.fr\/?page_id=384"},"modified":"2018-12-27T12:06:21","modified_gmt":"2018-12-27T10:06:21","slug":"les-accords-dentreprise","status":"publish","type":"page","link":"http:\/\/www.cgt-tf1.fr\/?page_id=384","title":{"rendered":"Les accords d&rsquo;entreprise"},"content":{"rendered":"<p><a href=\"http:\/\/www.cgt-tf1.fr\/wp-content\/uploads\/2009\/02\/Accord-CSE-TF1-JUIN-2018.pdf\">Accord CSE TF1 JUIN 2018<\/a><\/p>\n<p><a href=\"http:\/\/Accord CSE LCI JUILLET 2018\">Accord relatif \u00e0 la mise en place du CSE de LCI &#8211; sign\u00e9<\/a><\/p>\n<p><a href=\"http:\/\/www.cgt-tf1.fr\/wp-content\/uploads\/ACCORDS\/1 PPTA_TF1.pdf\" target=\"_blank\" rel=\"noopener\">PPTA TF1 SA<\/a><\/p>\n<p><a href=\"http:\/\/www.cgt-tf1.fr\/wp-content\/uploads\/2015\/11\/Avenant-n\u00b01-\u00e0-laccord-PPTA-TF1-SA-relatif-au-contr\u00f4le-et-suivi-du-temps-de-travail1.pdf\">AVENANT N\u00b01 : Contr\u00f4le et suivi du temps de travail TF1-SA<\/a><\/p>\n<p><a href=\"http:\/\/www.cgt-tf1.fr\/wp-content\/uploads\/ACCORDS\/4 Journalistes_TF1SA.pdf\" target=\"_blank\" rel=\"noopener\">Journalistes TF1 SA<\/a><\/p>\n<p><a href=\"http:\/\/www.cgt-tf1.fr\/wp-content\/uploads\/ACCORDS\/6 r\u00e9alisateurs TF1 SA.pdf\" target=\"_blank\" rel=\"noopener\">R\u00e9alisateurs TF1 SA<\/a><\/p>\n<p><a href=\"http:\/\/www.cgt-tf1.fr\/wp-content\/uploads\/2009\/02\/Annexe-7-Direction-Technique-7-sur-7-Cycles.pdf\">Annexe 7 Direction Technique 7 sur 7 Cycles<\/a><\/p>\n<p><a href=\"http:\/\/www.cgt-tf1.fr\/wp-content\/uploads\/ACCORDS\/2 ARTT PPTA 35 H TF1 SA.pdf\" target=\"_blank\" rel=\"noopener\">RTT\u00a0PPTA \u00a0TF1 SA (35H)<\/a><\/p>\n<p><a href=\"http:\/\/www.cgt-tf1.fr\/wp-content\/uploads\/ACCORDS\/5 ARTT journalistes TF1 SA.pdf\" target=\"_blank\" rel=\"noopener\">RTT Journalistes TF1 SA\u00a0(35H)<\/a><\/p>\n<p><a href=\"http:\/\/www.cgt-tf1.fr\/wp-content\/uploads\/ACCORDS\/7 ARTT R\u00e9alisateurs TF1 SA.pdf\" target=\"_blank\" rel=\"noopener\">RTT R\u00e9alisateurs TF1 SA\u00a0(35H)<\/a><\/p>\n<p><a href=\"http:\/\/www.cgt-tf1.fr\/wp-content\/uploads\/2009\/02\/CET-Accord-Groupe-2015-signe.pdf\">Accord Groupe C.E.T. 2015 <\/a><\/p>\n<p><a href=\"http:\/\/www.cgt-tf1.fr\/wp-content\/uploads\/2016\/01\/Accord-du-Groupe-TF1-relatif-\u00e0-l\u00e9galit\u00e9-professionnelle-entre-les-femmes-et-les-hommes.pdf\">Accord du Groupe TF1 \u00e9galit\u00e9 professionnelle entre les femmes et les hommes 2016<\/a><\/p>\n<p><a href=\"http:\/\/www.cgt-tf1.fr\/wp-content\/uploads\/2009\/02\/Accord-int\u00e9gration-et-maintien-dans-lemploi-des-TH-2014-2016.pdf\">Accord int\u00e9gration et maintien dans l&#8217;emploi des Travailleurs Handicap\u00e9s 2014 2016<\/a><\/p>\n<p><a href=\"http:\/\/www.cgt-tf1.fr\/wp-content\/uploads\/2009\/02\/Accord-groupe-TF1-relatif-au-contrat-de-g\u00e9n\u00e9ration-sign\u00e9.pdf\">Accord groupe TF1 relatif au contrat de g\u00e9n\u00e9ration<\/a><\/p>\n<p><a href=\"http:\/\/www.cgt-tf1.fr\/wp-content\/uploads\/2015\/12\/Accord-Groupe-TF1Mixit\u00e9-des-origines-2015-sign\u00e9.pdf\">Accord Groupe TF1Mixit\u00e9 des origines 2015 sign\u00e9<\/a><\/p>\n<p><a href=\"http:\/\/www.cgt-tf1.fr\/wp-content\/uploads\/2018\/01\/Accord-groupe-TF1_-teletravail-2018.pdf\">Accord T\u00e9l\u00e9travail GROUPE TF1 2018<\/a><\/p>\n<p><a href=\"http:\/\/www.cgt-tf1.fr\/wp-content\/uploads\/2009\/02\/R\u00e8glement-Int\u00e9rieur-TF1-SA-au-01-09-2013.pdf\">R\u00e8glement Int\u00e9rieur TF1 SA au 01 09 2013<\/a><\/p>\n","protected":false},"excerpt":{"rendered":"<p>Accord CSE TF1 JUIN 2018 Accord relatif \u00e0 la mise en place du CSE de LCI &#8211; sign\u00e9 PPTA TF1 SA AVENANT N\u00b01 : Contr\u00f4le et suivi du temps de travail TF1-SA Journalistes TF1 SA R\u00e9alisateurs TF1 SA Annexe 7 &hellip; <a href=\"http:\/\/www.cgt-tf1.fr\/?page_id=384\">Continuer la lecture <span class=\"meta-nav\">&rarr;<\/span><\/a><\/p>\n","protected":false},"author":1,"featured_media":0,"parent":0,"menu_order":4,"comment_status":"closed","ping_status":"open","template":"","meta":{"footnotes":""},"class_list":["post-384","page","type-page","status-publish","hentry"],"_links":{"self":[{"href":"http:\/\/www.cgt-tf1.fr\/index.php?rest_route=\/wp\/v2\/pages\/384","targetHints":{"allow":["GET"]}}],"collection":[{"href":"http:\/\/www.cgt-tf1.fr\/index.php?rest_route=\/wp\/v2\/pages"}],"about":[{"href":"http:\/\/www.cgt-tf1.fr\/index.php?rest_route=\/wp\/v2\/types\/page"}],"author":[{"embeddable":true,"href":"http:\/\/www.cgt-tf1.fr\/index.php?rest_route=\/wp\/v2\/users\/1"}],"replies":[{"embeddable":true,"href":"http:\/\/www.cgt-tf1.fr\/index.php?rest_route=%2Fwp%2Fv2%2Fcomments&post=384"}],"version-history":[{"count":28,"href":"http:\/\/www.cgt-tf1.fr\/index.php?rest_route=\/wp\/v2\/pages\/384\/revisions"}],"predecessor-version":[{"id":1189,"href":"http:\/\/www.cgt-tf1.fr\/index.php?rest_route=\/wp\/v2\/pages\/384\/revisions\/1189"}],"wp:attachment":[{"href":"http:\/\/www.cgt-tf1.fr\/index.php?rest_route=%2Fwp%2Fv2%2Fmedia&parent=384"}],"curies":[{"name":"wp","href":"https:\/\/api.w.org\/{rel}","templated":true}]}}