{"id":193,"date":"2009-01-07T20:53:55","date_gmt":"2009-01-07T19:53:55","guid":{"rendered":"http:\/\/www.cgt-tf1.fr\/?page_id=193"},"modified":"2019-06-13T18:48:55","modified_gmt":"2019-06-13T16:48:55","slug":"historique-cgt-tf1","status":"publish","type":"page","link":"http:\/\/www.cgt-tf1.fr\/?page_id=193","title":{"rendered":"Le syndicat cgt tf1"},"content":{"rendered":"<p style=\"text-align: center;\"><a href=\"http:\/\/www.cgt-tf1.fr\/wp-content\/uploads\/2015\/07\/Logo-Union-CGT-TF1-v3-804x1024.jpg\"><img loading=\"lazy\" decoding=\"async\" class=\"alignnone wp-image-1302\" src=\"http:\/\/www.cgt-tf1.fr\/wp-content\/uploads\/2015\/07\/Logo-Union-CGT-TF1-v3-804x1024.jpg\" alt=\"Union CGT TF1 \" width=\"78\" height=\"96\"><\/a><\/p>\n<p>La CGT \u00e0 TF1 est organis\u00e9e en syndicat ind\u00e9pendant ce qui veut dire que la CGT TF1 est une structure autonome dont les statuts sont d\u00e9pos\u00e9s \u00e0 la pr\u00e9fecture des Hauts de Seine (Nanterre).<\/p>\n<p>Ainsi, \u00e0 la CGT TF1, ce sont les adh\u00e9rents qui d\u00e9cident librement et d\u00e9mocratiquement du choix de leurs d\u00e9l\u00e9gu\u00e9s et des orientations du syndicat.<\/p>\n<p>Notre statut de syndicat ind\u00e9pendant nous permet aussi de cr\u00e9er librement des sections syndicales dans n&rsquo;importe quelle filiale du \u00ab\u00a0Groupe TF1\u00a0\u00bb.<\/p>\n<p>L&rsquo;argent des cotisations bien qu&rsquo;en partie revers\u00e9 aux diff\u00e9rentes instances conf\u00e9d\u00e9r\u00e9es (SNRT-CGT, F\u00e9d\u00e9ration du Spectacle, Unions Locale et D\u00e9partementale&#8230;) alimente pour l&rsquo;essentiel la caisse du syndicat CGT TF1. Cet argent est utilis\u00e9 \u00e0 la d\u00e9fense des droits des salari\u00e9s de TF1 notamment par le recours \u00e0 des cabinets d&rsquo;avocats lorsque cela est n\u00e9cessaire.<\/p>\n<p>Ceci nous garanti un niveau d&rsquo;ind\u00e9pendance et de cr\u00e9dibilit\u00e9 n\u00e9cessaire \u00e0 toute n\u00e9gociation avec la direction de l&rsquo;entreprise.<\/p>\n<p>Nos comptes ont \u00e9t\u00e9 d\u00e9pos\u00e9s aupr\u00e8s de la DIRECCTE des hauts de Seine<\/p>\n","protected":false},"excerpt":{"rendered":"<p>La CGT \u00e0 TF1 est organis\u00e9e en syndicat ind\u00e9pendant ce qui veut dire que la CGT TF1 est une structure autonome dont les statuts sont d\u00e9pos\u00e9s \u00e0 la pr\u00e9fecture des Hauts de Seine (Nanterre). Ainsi, \u00e0 la CGT TF1, ce &hellip; <a href=\"http:\/\/www.cgt-tf1.fr\/?page_id=193\">Continuer la lecture <span class=\"meta-nav\">&rarr;<\/span><\/a><\/p>\n","protected":false},"author":1,"featured_media":0,"parent":17,"menu_order":2,"comment_status":"closed","ping_status":"open","template":"","meta":{"footnotes":""},"class_list":["post-193","page","type-page","status-publish","hentry"],"_links":{"self":[{"href":"http:\/\/www.cgt-tf1.fr\/index.php?rest_route=\/wp\/v2\/pages\/193","targetHints":{"allow":["GET"]}}],"collection":[{"href":"http:\/\/www.cgt-tf1.fr\/index.php?rest_route=\/wp\/v2\/pages"}],"about":[{"href":"http:\/\/www.cgt-tf1.fr\/index.php?rest_route=\/wp\/v2\/types\/page"}],"author":[{"embeddable":true,"href":"http:\/\/www.cgt-tf1.fr\/index.php?rest_route=\/wp\/v2\/users\/1"}],"replies":[{"embeddable":true,"href":"http:\/\/www.cgt-tf1.fr\/index.php?rest_route=%2Fwp%2Fv2%2Fcomments&post=193"}],"version-history":[{"count":18,"href":"http:\/\/www.cgt-tf1.fr\/index.php?rest_route=\/wp\/v2\/pages\/193\/revisions"}],"predecessor-version":[{"id":1724,"href":"http:\/\/www.cgt-tf1.fr\/index.php?rest_route=\/wp\/v2\/pages\/193\/revisions\/1724"}],"up":[{"embeddable":true,"href":"http:\/\/www.cgt-tf1.fr\/index.php?rest_route=\/wp\/v2\/pages\/17"}],"wp:attachment":[{"href":"http:\/\/www.cgt-tf1.fr\/index.php?rest_route=%2Fwp%2Fv2%2Fmedia&parent=193"}],"curies":[{"name":"wp","href":"https:\/\/api.w.org\/{rel}","templated":true}]}}