{"id":17,"date":"2008-12-15T00:58:37","date_gmt":"2008-12-14T23:58:37","guid":{"rendered":"http:\/\/localhost:8888\/wordpress\/?page_id=31"},"modified":"2019-05-20T16:11:24","modified_gmt":"2019-05-20T14:11:24","slug":"pour-les-nuls","status":"publish","type":"page","link":"http:\/\/www.cgt-tf1.fr\/?page_id=17","title":{"rendered":"Qui, Pourquoi, Comment?"},"content":{"rendered":"<p><span style=\"font-family: 'Handwriting - Dakota';\"><strong>TOUT CE QUE VOUS AVEZ TOUJOURS VOULU SAVOIR SUR LE SYNDICALISME, SANS JAMAIS OSER LE DEMANDER :<\/strong><\/span><\/p>\n<p><span style=\"font-family: 'Handwriting - Dakota';\">Vous vous dites ou on vous dit \u00ab\u00a0mais&#8230; \u00e0 quoi&nbsp;\u00e7a&nbsp;sert un syndicat?&#8230; c&rsquo;est juste des&nbsp;mecs&nbsp;qui d\u00e9fendent leur paroisse&#8230; de toutes&nbsp;fa\u00e7ons&nbsp;ils ne veulent jamais rien signer&#8230;..\u00a0\u00bb.<\/span><\/p>\n<p><span style=\"font-family: 'Handwriting - Dakota';\">Ou vous \u00eates tout simplement curieux de savoir comment&nbsp;\u00e7a&nbsp;marche tout ce chariaba syndicaliste.<\/span><\/p>\n<p><span style=\"font-family: 'Handwriting - Dakota';\">Eh ben nous allons tenter de vous r\u00e9pondre, d&rsquo;assouvir votre soif de savoir et&nbsp;d&rsquo;apaiser&nbsp;votre curiosit\u00e9.<\/span><\/p>\n<ul><\/ul>\n","protected":false},"excerpt":{"rendered":"<p>TOUT CE QUE VOUS AVEZ TOUJOURS VOULU SAVOIR SUR LE SYNDICALISME, SANS JAMAIS OSER LE DEMANDER : Vous vous dites ou on vous dit \u00ab\u00a0mais&#8230; \u00e0 quoi&nbsp;\u00e7a&nbsp;sert un syndicat?&#8230; c&rsquo;est juste des&nbsp;mecs&nbsp;qui d\u00e9fendent leur paroisse&#8230; de toutes&nbsp;fa\u00e7ons&nbsp;ils ne veulent jamais &hellip; <a href=\"http:\/\/www.cgt-tf1.fr\/?page_id=17\">Continuer la lecture <span class=\"meta-nav\">&rarr;<\/span><\/a><\/p>\n","protected":false},"author":1,"featured_media":0,"parent":0,"menu_order":3,"comment_status":"closed","ping_status":"open","template":"","meta":{"footnotes":""},"class_list":["post-17","page","type-page","status-publish","hentry"],"_links":{"self":[{"href":"http:\/\/www.cgt-tf1.fr\/index.php?rest_route=\/wp\/v2\/pages\/17","targetHints":{"allow":["GET"]}}],"collection":[{"href":"http:\/\/www.cgt-tf1.fr\/index.php?rest_route=\/wp\/v2\/pages"}],"about":[{"href":"http:\/\/www.cgt-tf1.fr\/index.php?rest_route=\/wp\/v2\/types\/page"}],"author":[{"embeddable":true,"href":"http:\/\/www.cgt-tf1.fr\/index.php?rest_route=\/wp\/v2\/users\/1"}],"replies":[{"embeddable":true,"href":"http:\/\/www.cgt-tf1.fr\/index.php?rest_route=%2Fwp%2Fv2%2Fcomments&post=17"}],"version-history":[{"count":13,"href":"http:\/\/www.cgt-tf1.fr\/index.php?rest_route=\/wp\/v2\/pages\/17\/revisions"}],"predecessor-version":[{"id":1712,"href":"http:\/\/www.cgt-tf1.fr\/index.php?rest_route=\/wp\/v2\/pages\/17\/revisions\/1712"}],"wp:attachment":[{"href":"http:\/\/www.cgt-tf1.fr\/index.php?rest_route=%2Fwp%2Fv2%2Fmedia&parent=17"}],"curies":[{"name":"wp","href":"https:\/\/api.w.org\/{rel}","templated":true}]}}